{"id":971,"date":"2016-11-23T15:56:18","date_gmt":"2016-11-23T15:56:18","guid":{"rendered":"http:\/\/wp2.edge.is\/?page_id=971"},"modified":"2016-12-13T21:10:16","modified_gmt":"2016-12-13T21:10:16","slug":"rad-leidbeiningar-og-stadlar-um-skjalavorslu","status":"publish","type":"page","link":"https:\/\/heradsskjalasafn.is\/?page_id=971","title":{"rendered":"R\u00e1\u00f0, lei\u00f0beiningar og sta\u00f0lar um skjalav\u00f6rslu"},"content":{"rendered":"<p><a href=\"http:\/\/skjalasafn.is\/skjalavarsla\" target=\"_blank\">Reglur, r\u00e1\u00f0 og lei\u00f0beiningar \u00dej\u00f3\u00f0skjalasafns \u00cdslands<\/a><\/p>\n<p><a href=\"http:\/\/ica.org\/en\/public-resources\/standards\" target=\"_blank\">Sta\u00f0lar hj\u00e1 Al\u00fej\u00f3\u00f0a skjalar\u00e1\u00f0inu<\/a><\/p>\n<p><a href=\"http:\/\/www.ica.org\/en\/about-committee-best-practice-standards\" target=\"_blank\">Nefnd Al\u00fej\u00f3\u00f0a skjalar\u00e1\u00f0sins um fyrirmyndarvinnubr\u00f6g\u00f0<\/a><\/p>\n<p><a href=\"http:\/\/www.moreq2.eu\/\" target=\"_blank\">MoReq e\u00f0a Model Requirements Specification for the Management of Electronic Records<\/a><\/p>\n<p><a href=\"http:\/\/portal.unesco.org\/ci\/en\/ev.php-URL_ID=4984&amp;URL_DO=DO_TOPIC&amp;URL_SECTION=201.html\" target=\"_blank\">RAMP Studies fr\u00e1 UNESCO<\/a><\/p>\n<p><a href=\"http:\/\/avanti.uni-marburg.de\/archivschule\/xs.html\" target=\"_blank\">Al\u00fej\u00f3\u00f0leg ritaskr\u00e1 um skjalav\u00f6rslu hj\u00e1 Skjalfr\u00e6\u00f0isk\u00f3lanum \u00ed Marburg<\/a><\/p>\n<p><a href=\"http:\/\/www.archivschule.de\/uploads\/Forschung\/ArchivwissenschaftlicheTerminologie\/Terminologie.html\" target=\"_blank\">Hugt\u00f6k og heiti \u00ed skjalfr\u00e6\u00f0um (Terminologie der Archivwissenschaft) Or\u00f0asafn Skjalfr\u00e6\u00f0isk\u00f3lans \u00ed Marburg<\/a><\/p>\n<p><a href=\"http:\/\/canada.pch.gc.ca\/eng\/1454704828075\" target=\"_blank\">Verkf\u00e6rakassi Kanad\u00edsku forv\u00f6rslustofnunarinnar<\/a><\/p>\n","protected":false},"excerpt":{"rendered":"<p>Reglur, r\u00e1\u00f0 og lei\u00f0beiningar \u00dej\u00f3\u00f0skjalasafns \u00cdslands Sta\u00f0lar hj\u00e1 Al\u00fej\u00f3\u00f0a skjalar\u00e1\u00f0inu Nefnd Al\u00fej\u00f3\u00f0a skjalar\u00e1\u00f0sins um fyrirmyndarvinnubr\u00f6g\u00f0 MoReq e\u00f0a Model Requirements Specification for the Management of Electronic Records RAMP Studies fr\u00e1 UNESCO Al\u00fej\u00f3\u00f0leg ritaskr\u00e1 um skjalav\u00f6rslu hj\u00e1 Skjalfr\u00e6\u00f0isk\u00f3lanum \u00ed Marburg Hugt\u00f6k og<\/p>\n","protected":false},"author":2,"featured_media":0,"parent":0,"menu_order":0,"comment_status":"closed","ping_status":"closed","template":"","meta":{"footnotes":""},"class_list":["post-971","page","type-page","status-publish","hentry"],"_links":{"self":[{"href":"https:\/\/heradsskjalasafn.is\/index.php?rest_route=\/wp\/v2\/pages\/971","targetHints":{"allow":["GET"]}}],"collection":[{"href":"https:\/\/heradsskjalasafn.is\/index.php?rest_route=\/wp\/v2\/pages"}],"about":[{"href":"https:\/\/heradsskjalasafn.is\/index.php?rest_route=\/wp\/v2\/types\/page"}],"author":[{"embeddable":true,"href":"https:\/\/heradsskjalasafn.is\/index.php?rest_route=\/wp\/v2\/users\/2"}],"replies":[{"embeddable":true,"href":"https:\/\/heradsskjalasafn.is\/index.php?rest_route=%2Fwp%2Fv2%2Fcomments&post=971"}],"version-history":[{"count":5,"href":"https:\/\/heradsskjalasafn.is\/index.php?rest_route=\/wp\/v2\/pages\/971\/revisions"}],"predecessor-version":[{"id":1304,"href":"https:\/\/heradsskjalasafn.is\/index.php?rest_route=\/wp\/v2\/pages\/971\/revisions\/1304"}],"wp:attachment":[{"href":"https:\/\/heradsskjalasafn.is\/index.php?rest_route=%2Fwp%2Fv2%2Fmedia&parent=971"}],"curies":[{"name":"wp","href":"https:\/\/api.w.org\/{rel}","templated":true}]}}