{"id":84,"date":"2016-11-01T15:32:54","date_gmt":"2016-11-01T15:32:54","guid":{"rendered":"http:\/\/wp2.edge.is\/?page_id=84"},"modified":"2016-12-13T15:27:46","modified_gmt":"2016-12-13T15:27:46","slug":"tenglar","status":"publish","type":"page","link":"https:\/\/heradsskjalasafn.is\/?page_id=84","title":{"rendered":"Tenglar"},"content":{"rendered":"<header>\n<h1><\/h1>\n<\/header>\n<div>\n<p>H\u00e9r eru tenglar \u00e1 vefi er snerta skjalas\u00f6fn, skjalav\u00f6rslu\u00a0og tengd efni m.a. sagnfr\u00e6\u00f0ileg og l\u00f6gfr\u00e6\u00f0ileg. Tenglarnir eru a\u00f0eins tilv\u00edsanir og \u00e1bendingar, me\u00f0 \u00feeim er engin \u00e1byrg\u00f0 \u00f6xlu\u00f0 \u00e1 innihaldi \u00feess sem \u00feeir tengja til.\u00a0<span id=\"more-17\"><\/span>Skjalas\u00f6fn<\/p>\n<ul>\n<li><a href=\"\/?page_id=10\">H\u00e9ra\u00f0sskjalas\u00f6fnin<\/a><\/li>\n<li><a href=\"\/?page_id=898\">A\u00f0rar skjalav\u00f6rslustofnanir \u00e1 \u00cdslandi<\/a><\/li>\n<li><a href=\"\/?page_id=903\">Skjalas\u00f6fn \u00e1 hinum Nor\u00f0url\u00f6ndunum<\/a><\/li>\n<li><a href=\"\/?page_id=910\">Skjalas\u00f6fn erlend er kynnu a\u00f0 \u00fej\u00f3na \u00edslenskri s\u00f6gu<\/a><\/li>\n<li><a href=\"\/?page_id=907\">Stofnanir erlendis er var\u00f0veita \u00edslensk skj\u00f6l<\/a><\/li>\n<\/ul>\n<p>Skjalavarsla<\/p>\n<ul>\n<li><a href=\"\/?page_id=918\">Si\u00f0areglur skjalavar\u00f0a<\/a><\/li>\n<li><a href=\"\/?page_id=922\">Birting skjala og s\u00e9rvefir<\/a><\/li>\n<li><a href=\"\/?page_id=929\">Stafr\u00e6n g\u00f6gn og v\u00e9lv\u00e6dd gagnavarsla<\/a><\/li>\n<li><a href=\"\/?page_id=934\">Skjalavarsla \u00e1 al\u00fej\u00f3\u00f0avettvangi<\/a><\/li>\n<li><a href=\"\/?page_id=937\">Erlend f\u00e9l\u00f6g og samt\u00f6k um skjalav\u00f6rslu<\/a><\/li>\n<li><a href=\"\/?page_id=962\">Stolin skj\u00f6l og b\u00e6kur<\/a><\/li>\n<li><a href=\"\/?page_id=965\">Forvarsla skjala og gagna<\/a><\/li>\n<li><a href=\"\/?page_id=968\">Skjalfr\u00e6\u00f0in\u00e1m vi\u00f0 H\u00e1sk\u00f3la \u00cdslands \u00ed samvinnu vi\u00f0 \u00dej\u00f3\u00f0skjalasafni\u00f0<\/a><\/li>\n<li><a href=\"\/?page_id=971\">R\u00e1\u00f0, lei\u00f0beiningar og sta\u00f0lar um skjalav\u00f6rslu<\/a><\/li>\n<li><a href=\"\/?page_id=990\">Fr\u00e6\u00f0sluerindi<\/a><\/li>\n<li><a href=\"\/?page_id=993\">Norr\u00e6nt samstarf \u00e1 svi\u00f0i skjalav\u00f6rslu<\/a><\/li>\n<\/ul>\n<p>L\u00f6g og reglur<\/p>\n<ul>\n<li><a href=\"\/?page_id=997\">L\u00f6g og reglur<\/a><\/li>\n<li><a href=\"\/?page_id=999\">D\u00f3mar, \u00farskur\u00f0ir og \u00e1lit<\/a><\/li>\n<li><a href=\"\/?page_id=1003\">H\u00f6fundar\u00e9ttur<\/a><\/li>\n<li><a href=\"\/?page_id=1007\">Sveitarf\u00e9l\u00f6g \u00e1 \u00cdslandi<\/a><\/li>\n<\/ul>\n<p>Sagnfr\u00e6\u00f0i<\/p>\n<ul>\n<li><a href=\"\/?page_id=1011\">\u00cdslensk sagnfr\u00e6\u00f0i<\/a><\/li>\n<li><a href=\"\/?page_id=1015\">Sagnfr\u00e6\u00f0i \u00e1 hinum Nor\u00f0url\u00f6ndunum<\/a><\/li>\n<li><a href=\"\/?page_id=1020\">Sagnfr\u00e6\u00f0i \u00ed Evr\u00f3pu<\/a><\/li>\n<li><a href=\"\/?page_id=1023\">Sagnfr\u00e6\u00f0i \u00ed Amer\u00edku<\/a><\/li>\n<li><a href=\"\/?page_id=1026\">Sagnfr\u00e6\u00f0i \u00e1 al\u00fej\u00f3\u00f0avettvangi<\/a><\/li>\n<\/ul>\n<p>Gagns\u00e6i og pers\u00f3nu\u00f6ryggi<\/p>\n<ul>\n<li><a href=\"\/?page_id=1029\">Gagns\u00e6i og uppl\u00fdsingaa\u00f0gengi \u2013 v\u00f6rn gegn spillingu<\/a><\/li>\n<li><a href=\"\/?page_id=1033\">Einkal\u00edf og pers\u00f3nu\u00f6ryggi<\/a><\/li>\n<\/ul>\n<\/div>\n","protected":false},"excerpt":{"rendered":"<p>H\u00e9r eru tenglar \u00e1 vefi er snerta skjalas\u00f6fn, skjalav\u00f6rslu\u00a0og tengd efni m.a. sagnfr\u00e6\u00f0ileg og l\u00f6gfr\u00e6\u00f0ileg. Tenglarnir eru a\u00f0eins tilv\u00edsanir og \u00e1bendingar, me\u00f0 \u00feeim er engin \u00e1byrg\u00f0 \u00f6xlu\u00f0 \u00e1 innihaldi \u00feess sem \u00feeir tengja til.\u00a0Skjalas\u00f6fn H\u00e9ra\u00f0sskjalas\u00f6fnin A\u00f0rar skjalav\u00f6rslustofnanir \u00e1 \u00cdslandi Skjalas\u00f6fn<\/p>\n","protected":false},"author":2,"featured_media":0,"parent":0,"menu_order":0,"comment_status":"closed","ping_status":"closed","template":"","meta":{"footnotes":""},"class_list":["post-84","page","type-page","status-publish","hentry"],"_links":{"self":[{"href":"https:\/\/heradsskjalasafn.is\/index.php?rest_route=\/wp\/v2\/pages\/84","targetHints":{"allow":["GET"]}}],"collection":[{"href":"https:\/\/heradsskjalasafn.is\/index.php?rest_route=\/wp\/v2\/pages"}],"about":[{"href":"https:\/\/heradsskjalasafn.is\/index.php?rest_route=\/wp\/v2\/types\/page"}],"author":[{"embeddable":true,"href":"https:\/\/heradsskjalasafn.is\/index.php?rest_route=\/wp\/v2\/users\/2"}],"replies":[{"embeddable":true,"href":"https:\/\/heradsskjalasafn.is\/index.php?rest_route=%2Fwp%2Fv2%2Fcomments&post=84"}],"version-history":[{"count":34,"href":"https:\/\/heradsskjalasafn.is\/index.php?rest_route=\/wp\/v2\/pages\/84\/revisions"}],"predecessor-version":[{"id":1168,"href":"https:\/\/heradsskjalasafn.is\/index.php?rest_route=\/wp\/v2\/pages\/84\/revisions\/1168"}],"wp:attachment":[{"href":"https:\/\/heradsskjalasafn.is\/index.php?rest_route=%2Fwp%2Fv2%2Fmedia&parent=84"}],"curies":[{"name":"wp","href":"https:\/\/api.w.org\/{rel}","templated":true}]}}