{"id":78,"date":"2016-11-01T15:29:44","date_gmt":"2016-11-01T15:29:44","guid":{"rendered":"http:\/\/wp2.edge.is\/?page_id=78"},"modified":"2016-12-13T18:17:37","modified_gmt":"2016-12-13T18:17:37","slug":"ataksverkefni-um-skjol-kvenfelaga","status":"publish","type":"page","link":"https:\/\/heradsskjalasafn.is\/?page_id=78","title":{"rendered":"\u00c1taksverkefni um skj\u00f6l kvenf\u00e9laga"},"content":{"rendered":"<header>\n<h1><\/h1>\n<\/header>\n<div>\n<h3>Sk\u00fdrsla um skjalas\u00f6fn Kvenf\u00e9laga<\/h3>\n<p>Ni\u00f0urst\u00f6\u00f0ur af \u00e1taksverkefni F\u00e9lags h\u00e9ra\u00f0sskjalavar\u00f0a um skjalas\u00f6fn kvenf\u00e9laga og f\u00e9laga kvenna hafa n\u00fa veri\u00f0 teknar saman \u00ed sk\u00fdrslu um\u00a0<a href=\"http:\/\/heradsskjalasafn.is\/wp-content\/uploads\/2016\/12\/kvenfelagaskjalasofn_2009_13_01_10.pdf\" target=\"_blank\">Skjalas\u00f6fn kvenf\u00e9lga og f\u00e9laga kvenna \u00ed h\u00e9ra\u00f0sskjalas\u00f6fnum \u00e1 \u00cdslandi<\/a>. \u00c1taki\u00f0 h\u00f3fst 15. apr\u00edl 2009 og lauk 15. n\u00f3vember sama \u00e1r. Haldi\u00f0 ver\u00f0ur \u00e1fram a\u00f0 taka vi\u00f0 afhendingum skjalasafna f\u00e9laganna \u00ed h\u00e9ra\u00f0sskjalas\u00f6fnunum eins og h\u00e9ra\u00f0sskjalas\u00f6fnunum er skylt.<\/p>\n<p>Verkefni\u00f0 gekk vel. Fyrir \u00e1taki\u00f0 voru var\u00f0veitt skj\u00f6l fr\u00e1 113 kvenf\u00e9l\u00f6gum \u00ed h\u00e9ra\u00f0sskjalas\u00f6fnunum, en eftir \u00fea\u00f0 fr\u00e1 127 kvenf\u00e9l\u00f6gum, \u00fe.e. aukning um 14 f\u00e9l\u00f6g. R\u00famu\u00f0ust skjalas\u00f6fn kvenna og kvenf\u00e9laga fyrir \u00e1taki\u00f0 \u00ed 48,2 hillumetrum \u00ed h\u00e9ra\u00f0sskjalas\u00f6fnunum og vi\u00f0 b\u00e6ttust 6,28 hillumetrar, \u00fea\u00f0 er um 11,5% aukning \u00ed magni.<\/p>\n<\/div>\n","protected":false},"excerpt":{"rendered":"<p>Sk\u00fdrsla um skjalas\u00f6fn Kvenf\u00e9laga Ni\u00f0urst\u00f6\u00f0ur af \u00e1taksverkefni F\u00e9lags h\u00e9ra\u00f0sskjalavar\u00f0a um skjalas\u00f6fn kvenf\u00e9laga og f\u00e9laga kvenna hafa n\u00fa veri\u00f0 teknar saman \u00ed sk\u00fdrslu um\u00a0Skjalas\u00f6fn kvenf\u00e9lga og f\u00e9laga kvenna \u00ed h\u00e9ra\u00f0sskjalas\u00f6fnum \u00e1 \u00cdslandi. \u00c1taki\u00f0 h\u00f3fst 15. apr\u00edl 2009 og lauk 15. n\u00f3vember<\/p>\n","protected":false},"author":2,"featured_media":0,"parent":0,"menu_order":0,"comment_status":"closed","ping_status":"closed","template":"","meta":{"footnotes":""},"class_list":["post-78","page","type-page","status-publish","hentry"],"_links":{"self":[{"href":"https:\/\/heradsskjalasafn.is\/index.php?rest_route=\/wp\/v2\/pages\/78","targetHints":{"allow":["GET"]}}],"collection":[{"href":"https:\/\/heradsskjalasafn.is\/index.php?rest_route=\/wp\/v2\/pages"}],"about":[{"href":"https:\/\/heradsskjalasafn.is\/index.php?rest_route=\/wp\/v2\/types\/page"}],"author":[{"embeddable":true,"href":"https:\/\/heradsskjalasafn.is\/index.php?rest_route=\/wp\/v2\/users\/2"}],"replies":[{"embeddable":true,"href":"https:\/\/heradsskjalasafn.is\/index.php?rest_route=%2Fwp%2Fv2%2Fcomments&post=78"}],"version-history":[{"count":4,"href":"https:\/\/heradsskjalasafn.is\/index.php?rest_route=\/wp\/v2\/pages\/78\/revisions"}],"predecessor-version":[{"id":1285,"href":"https:\/\/heradsskjalasafn.is\/index.php?rest_route=\/wp\/v2\/pages\/78\/revisions\/1285"}],"wp:attachment":[{"href":"https:\/\/heradsskjalasafn.is\/index.php?rest_route=%2Fwp%2Fv2%2Fmedia&parent=78"}],"curies":[{"name":"wp","href":"https:\/\/api.w.org\/{rel}","templated":true}]}}