{"id":50,"date":"2016-11-01T14:01:49","date_gmt":"2016-11-01T14:01:49","guid":{"rendered":"http:\/\/wp2.edge.is\/?page_id=50"},"modified":"2017-03-06T14:44:28","modified_gmt":"2017-03-06T14:44:28","slug":"skjalahnutur","status":"publish","type":"page","link":"https:\/\/heradsskjalasafn.is\/?page_id=50","title":{"rendered":"Skjalahn\u00fatur"},"content":{"rendered":"<header>\n<h1><\/h1>\n<\/header>\n<div>\n<p>Skjalahn\u00faturinn (Arkivknude, Arkivknut)\u00a0er au\u00f0leysanlegur og skjalaver\u00f0ir n\u00e1\u00f0u umtalsver\u00f0um hra\u00f0a \u00ed a\u00f0 binda b\u00f6ggla saman me\u00f0 honum \u00e1 bl\u00f3maskei\u00f0i hn\u00fatsins. A\u00f0d\u00e1unarvert var a\u00f0 sj\u00e1 hversu hratt fr\u00e1gangur \u00ed lok dags \u00e1 lestrarsal \u00dej\u00f3\u00f0skjalasafns \u00cdslands gat gengi\u00f0 \u00ed gamla daga.<br \/>\nH\u00e9r eru lei\u00f0beiningar um hvernig hn\u00fdta \u00e1 hn\u00fatinn. \u00c1 d\u00f6nsku heitir hn\u00faturinn \u00ed daglegu tali arkivknude (skjalasafnahn\u00fatur) en er einnig nefndur l\u00f8beknude (hlaupahn\u00fatur) e\u00f0a l\u00f8kkeknude (lykkjuhn\u00fatur). Sk\u00fdringarmyndin er \u00far\u00a0Bestemmelser og vejledning vedr. aflevering til Rigsarkivet af arkivalier fra offentlige myndigheder og institutioner. Udgivet af Rigsarkivets 2. afdeling. K\u00f8benhavn 1957. Bls. 7.<br \/>\n<a href=\"http:\/\/heradsskjalasafn.is\/wp-content\/uploads\/2016\/11\/skjalahnuturinn.jpg\" target=\"_blank\"><img loading=\"lazy\" decoding=\"async\" class=\"alignnone wp-image-1331 size-medium\" src=\"http:\/\/heradsskjalasafn.is\/wp-content\/uploads\/2016\/11\/skjalahnuturinn-227x300.jpg\" width=\"227\" height=\"300\" srcset=\"https:\/\/heradsskjalasafn.is\/wp-content\/uploads\/2016\/11\/skjalahnuturinn-227x300.jpg 227w, https:\/\/heradsskjalasafn.is\/wp-content\/uploads\/2016\/11\/skjalahnuturinn.jpg 588w\" sizes=\"auto, (max-width: 227px) 100vw, 227px\" \/><\/a><\/p>\n<p>Figur 1. Ger\u00f0 er lykkja \u00e1 enda bandsins.<br \/>\nFigur 2. Bandinu er brug\u00f0i\u00f0 utan um skammhli\u00f0 b\u00f6ggulsins og l\u00e1ti\u00f0 \u00ed gegnum lykkjuna og hert a\u00f0.<br \/>\nFigur 3. B\u00f6gglinum er sn\u00fai\u00f0 vi\u00f0 og bandinu sem fer yfir langhli\u00f0ina \u00e1 botninum er sn\u00fai\u00f0 einu sinni utan um skammhli\u00f0arbandi\u00f0 \u00feannig a\u00f0 bandi\u00f0 haldist \u00fe\u00e9tt a\u00f0.<br \/>\nFigur 4. B\u00f6gglinum er sn\u00fai\u00f0 vi\u00f0 aftur, langhli\u00f0arbandi\u00f0 er sett inn \u00ed lykkjuna undir langhli\u00f0arbandi\u00f0 \u00e1 m\u00f3ti, yfir skammhli\u00f0arbandi\u00f0 til h\u00e6gri og aftur undir langhli\u00f0arbandi\u00f0 h\u00e9rna megin.<br \/>\nFigur 5. Endinn er l\u00e1tinn leggjast yfir lykkjuna og yfir langhli\u00f0arbandi\u00f0 \u00e1 m\u00f3ti, rennt \u00fear undir \u00ed lykkju og hert a\u00f0.<br \/>\nS\u00e9 hn\u00faturinn r\u00e9ttur er h\u00e6gt a\u00f0 leysa hann au\u00f0veldlega me\u00f0 einu handtaki me\u00f0 \u00fev\u00ed a\u00f0 kippa \u00ed lausa endann.<\/p>\n<p>\u00deessi hn\u00fatur mun skv. einum heimildarmanni heita r\u00fallupylsuhn\u00fatur \u00e1 \u00edslensku.<\/p>\n<p>\u00cd ensku er hn\u00faturinn kalla\u00f0ur Archival knot og \u00fe\u00fdsku Archivknoten. Sj\u00e1\u00a0<a href=\"https:\/\/www.youtube.com\/watch?v=5x3NoefVQJg\" target=\"_blank\">myndband fr\u00e1 borgarskjalasafni Duisburg \u00ed \u00de\u00fdskalandi<\/a>.<br \/>\nArkivknut \u00ed\u00a0<a href=\"https:\/\/www.flickr.com\/photos\/arbark\/3683396755\" target=\"_blank\">s\u00e6nsku myndbandi fr\u00e1 Arbetarr\u00f6relsens arkiv og bibliotek<\/a>. Hann vir\u00f0ist vera einfaldari en s\u00e1 hef\u00f0bundni dansk\/\u00edslenski.<br \/>\nH.S.<\/p>\n<\/div>\n","protected":false},"excerpt":{"rendered":"<p>Skjalahn\u00faturinn (Arkivknude, Arkivknut)\u00a0er au\u00f0leysanlegur og skjalaver\u00f0ir n\u00e1\u00f0u umtalsver\u00f0um hra\u00f0a \u00ed a\u00f0 binda b\u00f6ggla saman me\u00f0 honum \u00e1 bl\u00f3maskei\u00f0i hn\u00fatsins. A\u00f0d\u00e1unarvert var a\u00f0 sj\u00e1 hversu hratt fr\u00e1gangur \u00ed lok dags \u00e1 lestrarsal \u00dej\u00f3\u00f0skjalasafns \u00cdslands gat gengi\u00f0 \u00ed gamla daga. H\u00e9r eru<\/p>\n","protected":false},"author":2,"featured_media":0,"parent":0,"menu_order":0,"comment_status":"closed","ping_status":"closed","template":"","meta":{"footnotes":""},"class_list":["post-50","page","type-page","status-publish","hentry"],"_links":{"self":[{"href":"https:\/\/heradsskjalasafn.is\/index.php?rest_route=\/wp\/v2\/pages\/50","targetHints":{"allow":["GET"]}}],"collection":[{"href":"https:\/\/heradsskjalasafn.is\/index.php?rest_route=\/wp\/v2\/pages"}],"about":[{"href":"https:\/\/heradsskjalasafn.is\/index.php?rest_route=\/wp\/v2\/types\/page"}],"author":[{"embeddable":true,"href":"https:\/\/heradsskjalasafn.is\/index.php?rest_route=\/wp\/v2\/users\/2"}],"replies":[{"embeddable":true,"href":"https:\/\/heradsskjalasafn.is\/index.php?rest_route=%2Fwp%2Fv2%2Fcomments&post=50"}],"version-history":[{"count":5,"href":"https:\/\/heradsskjalasafn.is\/index.php?rest_route=\/wp\/v2\/pages\/50\/revisions"}],"predecessor-version":[{"id":1333,"href":"https:\/\/heradsskjalasafn.is\/index.php?rest_route=\/wp\/v2\/pages\/50\/revisions\/1333"}],"wp:attachment":[{"href":"https:\/\/heradsskjalasafn.is\/index.php?rest_route=%2Fwp%2Fv2%2Fmedia&parent=50"}],"curies":[{"name":"wp","href":"https:\/\/api.w.org\/{rel}","templated":true}]}}