{"id":39,"date":"2016-11-01T13:36:06","date_gmt":"2016-11-01T13:36:06","guid":{"rendered":"http:\/\/wp2.edge.is\/?page_id=39"},"modified":"2016-12-13T20:41:43","modified_gmt":"2016-12-13T20:41:43","slug":"afhending-skjala","status":"publish","type":"page","link":"https:\/\/heradsskjalasafn.is\/?page_id=39","title":{"rendered":"Afhending skjala"},"content":{"rendered":"<header>\n<h1>Afhending skjala<\/h1>\n<\/header>\n<div>\n<p>H\u00e9ra\u00f0sskjalas\u00f6fnin taka ekki a\u00f0eins vi\u00f0 skilaskyldum skj\u00f6lum fr\u00e1 hinu opinbera heldur einnig skj\u00f6lum fr\u00e1 einstaklingum, f\u00e9lagasamt\u00f6kum og fyrirt\u00e6kjum.<br \/>\nHlutverk h\u00e9ra\u00f0sskjalasafna fr\u00e1 upphafi hefur veri\u00f0 a\u00f0 var\u00f0veita skj\u00f6l \u00ed heimabygg\u00f0. Stundum hefur f\u00f3lk lifa\u00f0 og starfa\u00f0 v\u00ed\u00f0a \u00e1 \u00e6vi sinni, vert er a\u00f0 g\u00e6ta \u00feess a\u00f0 halda skjalas\u00f6fnunum \u00feess \u00ed heilu lagi \u00fer\u00e1tt fyrir \u00feetta. M\u00e6lt er gegn \u00fev\u00ed a\u00f0 skjalas\u00f6fnum s\u00e9 sundra\u00f0 \u00e1 mismunandi sta\u00f0i sem koma vi\u00f0 s\u00f6gu \u00ed l\u00edfi f\u00f3lks e\u00f0a eftir \u00e1ritunarformi og vi\u00f0fangsefnum. Skjalasafn er vitnisbur\u00f0ur um \u00feann sem \u00fea\u00f0 mynda\u00f0ist hj\u00e1 og mikilsvert a\u00f0 var\u00f0veita \u00feann vitnisbur\u00f0 \u00ed heilu lagi. Meta ver\u00f0ur hverju sinni \u00ed hva\u00f0a opinbera skjalasafni er e\u00f0lilegast a\u00f0 var\u00f0veita skj\u00f6lin.<br \/>\nH\u00e9ra\u00f0sskjalaver\u00f0ir og skjalaver\u00f0ir h\u00e9ra\u00f0sskjalasafnanna veita r\u00e1\u00f0gj\u00f6f um flokkun, skr\u00e1ningu og afhendingu skjala \u00ed \u00feeirra umd\u00e6mi. \u00deetta \u00e1 einnig vi\u00f0 um lj\u00f3smyndas\u00f6fn. \u00deeir sem hafa hug \u00e1 \u00fev\u00ed a\u00f0 afhenda skj\u00f6l eru hvattir til \u00feess a\u00f0 leita til skjalasafnanna hva\u00f0 \u00feetta var\u00f0ar en \u00e1 heimas\u00ed\u00f0unni er a\u00f0 finna uppl\u00fdsingar um \u00f6ll h\u00e9ra\u00f0sskjalas\u00f6fn \u00e1 landinu.<br \/>\nHver skjalaafhending er vi\u00f0 afhendingu f\u00e6r\u00f0 \u00ed afhendingarskr\u00e1 h\u00e9ra\u00f0sskjalasafns skv. regluger\u00f0 nr. 283\/1994 um h\u00e9ra\u00f0sskjalas\u00f6fn.<\/p>\n<h3>Opinberir a\u00f0ilar<\/h3>\n<p>\u00c1byrg\u00f0 \u00e1 opinberum skj\u00f6lum<\/p>\n<p>Hver forst\u00f6\u00f0uma\u00f0ur ber \u00e1byrg\u00f0 \u00e1 \u00feeim skj\u00f6lum er myndast innan \u00e1byrg\u00f0arsvi\u00f0s hans skv. 22. grein laga nr. 77\/2014 um opinber skjalas\u00f6fn. Opinber skj\u00f6l sem hluta af skjalasafni stj\u00f3rnvalds ber a\u00f0 afhenda skv. l\u00f6gunum til opinbers skjalasafns. \u00deau m\u00e1 a\u00f0eins afhenda vi\u00f0eigandi opinberu skjalasafni, en annars ekki yfir \u00e1byrg\u00f0ar- e\u00f0a valdm\u00f6rk. Gildir einu hvort um er a\u00f0 r\u00e6\u00f0a utana\u00f0komandi a\u00f0ila e\u00f0a forst\u00f6\u00f0umann sem er h\u00e6rra settur \u00ed skipuriti. \u00deetta hefur ekki \u00e1hrif \u00e1 mi\u00f0lun uppl\u00fdsinga milli stj\u00f3rnvalda.<br \/>\nUm afhendingu skjala og fr\u00e1gang til afhendingar til h\u00e9ra\u00f0sskjalasafns ber a\u00f0 hafa samr\u00e1\u00f0 vi\u00f0 vi\u00f0eigandi h\u00e9ra\u00f0sskjalasafn.<\/p>\n<p>Afhending opinberra skjala<\/p>\n<p>Um afhendingu opinberra skjala afhendingarskyldra til opinbers skjalasafns (\u00fe.e. \u00dej\u00f3\u00f0skjalasafns e\u00f0a h\u00e9ra\u00f0sskjalasafns) gilda\u00a0<a href=\"http:\/\/heradsskjalasafn.is\/wp-content\/uploads\/2016\/12\/B_nr_573_2015.pdf\" target=\"_blank\">reglur nr. 573\/2015<\/a>.<br \/>\nH\u00e9ra\u00f0sskjalas\u00f6fnin veita skv. l\u00f6gum vi\u00f0t\u00f6ku skj\u00f6lum sem n\u00e1\u00f0 hafa \u00ferj\u00e1t\u00edu \u00e1ra aldri. H\u00e9ra\u00f0sskjalav\u00f6r\u00f0ur getur \u00fe\u00f3 skv. l\u00f6gunum lengt e\u00f0a stytt afhendingarfrest ef s\u00e9rstakar \u00e1st\u00e6\u00f0ur m\u00e6la me\u00f0 \u00fev\u00ed. S\u00e9 starfsemi afhendingarskyldra h\u00e6tt e\u00f0a stofnanir\/emb\u00e6tti l\u00f6g\u00f0 ni\u00f0ur skulu skj\u00f6l \u00feeirra afhent opinberu skjalasafni.<br \/>\nLeita skal sam\u00feykkis h\u00e9ra\u00f0sskjalasafns fyrir afhendingu skjala og bera undir \u00fea\u00f0 fr\u00e1gang og skr\u00e1ningu skjalanna me\u00f0 h\u00e6filegum fyrirvara \u00e1\u00f0ur en \u00feau eru afhent.<br \/>\nEftirfarandi sk\u00fdrsluform eru h\u00e9r sett fram til a\u00f0sto\u00f0ar h\u00e9ra\u00f0sskjalav\u00f6r\u00f0um og forst\u00f6\u00f0um\u00f6nnum me\u00f0 skjalav\u00f6rslu\u00e1byrg\u00f0 vi\u00f0 a\u00f0 framfylgja reglum um fr\u00e1gang, skr\u00e1ningu og afhendingu papp\u00edrsskjala afhendingarskyldra a\u00f0ila nr. 573\/2015 (sem leystu af h\u00f3lmi reglur nr. 1065\/2010 sem t\u00f3ku gildi 1. jan\u00faar 2011.)<\/p>\n<p><a href=\"http:\/\/heradsskjalasafn.is\/wp-content\/uploads\/2016\/12\/afhending-um-skjalamyndara.pdf\" target=\"_blank\">Sk\u00fdrsluform \u2013 uppl\u00fdsingar um skjalamyndara (skilaskylda stofnun\/emb\u00e6tti)<\/a><\/p>\n<p><a href=\"http:\/\/heradsskjalasafn.is\/wp-content\/uploads\/2016\/12\/afhending-upplysingarumskjalaflokka.pdf\" target=\"_blank\">Sk\u00fdrsluform \u2013 uppl\u00fdsingar um einstakan skjalaflokk hj\u00e1 skjalamyndara<\/a><\/p>\n<p><a href=\"http:\/\/heradsskjalasafn.is\/wp-content\/uploads\/2016\/12\/Skjalaskraningareydublad.xls\" target=\"_blank\">Excel form til skr\u00e1ningar skjala<\/a>. H\u00e9r eru\u00a0<a href=\"http:\/\/heradsskjalasafn.is\/wp-content\/uploads\/2016\/12\/skyringarvidskjalaskraningareydublad.pdf\" target=\"_blank\">sk\u00fdringar vi\u00f0 formi\u00f0<\/a>.<\/p>\n<p>Teki\u00f0 skal fram a\u00f0 skr\u00e1ning skjala er ferli sem \u00e6skilegt er a\u00f0 fari fram jafn\u00f3\u00f0um vi\u00f0 myndun skjala og s\u00e9 h\u00e1ttbundinn hluti af daglegri starfsemi opinberra stofnana og emb\u00e6tta, \u00feannig a\u00f0 innf\u00e6rsla \u00feessa skr\u00e1ningarbla\u00f0s \u00e6tti ekki a\u00f0 jafna\u00f0i a\u00f0 fela \u00ed s\u00e9r frumskr\u00e1ningu skjala. \u00dea\u00f0 \u00e6tti \u00fe\u00f3 einnig a\u00f0 n\u00fdtast til frumskr\u00e1ningar \u00fear sem skjalav\u00f6rslu hefur veri\u00f0 \u00e1b\u00f3tavant.<\/p>\n<h3>Einkaa\u00f0ilar<\/h3>\n<p>\u00deegar skjalasafn e\u00f0a skj\u00f6l eru afhent h\u00e9ra\u00f0sskjalasafni sem ekki falla undir afhendingarskyldu skv. l\u00f6gum nr. 77\/2014 um opinber skjalas\u00f6fn er \u00e6skilegt a\u00f0 gera afhendingarsamninga. Sni\u00f0i\u00f0 sem h\u00e9r er sett fram er a\u00f0eins til \u00feess a\u00f0 gefa almenna hugmynd um sl\u00edkt. \u00deess ver\u00f0ur a\u00f0 g\u00e6ta a\u00f0 hverju sinni ver\u00f0ur a\u00f0 fara gaumg\u00e6filega yfir afhendingarm\u00e1l og m\u00f3ta samninga me\u00f0 hli\u00f0sj\u00f3n af \u00fev\u00ed og g\u00e6ta \u00feess a\u00f0 samningsa\u00f0ilar s\u00e9u me\u00f0vita\u00f0ir um \u00fe\u00fd\u00f0ingu s\u00e9rhvers atri\u00f0is. \u00deetta\u00a0<a href=\"http:\/\/heradsskjalasafn.is\/wp-content\/uploads\/2016\/12\/samingssnid.pdf\" target=\"_blank\">samningssni\u00f0\u00a0<\/a>er \u00fev\u00ed a\u00f0eins til vi\u00f0mi\u00f0unar.<\/p>\n<\/div>\n","protected":false},"excerpt":{"rendered":"<p>Afhending skjala H\u00e9ra\u00f0sskjalas\u00f6fnin taka ekki a\u00f0eins vi\u00f0 skilaskyldum skj\u00f6lum fr\u00e1 hinu opinbera heldur einnig skj\u00f6lum fr\u00e1 einstaklingum, f\u00e9lagasamt\u00f6kum og fyrirt\u00e6kjum. Hlutverk h\u00e9ra\u00f0sskjalasafna fr\u00e1 upphafi hefur veri\u00f0 a\u00f0 var\u00f0veita skj\u00f6l \u00ed heimabygg\u00f0. Stundum hefur f\u00f3lk lifa\u00f0 og starfa\u00f0 v\u00ed\u00f0a \u00e1 \u00e6vi<\/p>\n","protected":false},"author":2,"featured_media":0,"parent":0,"menu_order":0,"comment_status":"closed","ping_status":"closed","template":"","meta":{"footnotes":""},"class_list":["post-39","page","type-page","status-publish","hentry"],"_links":{"self":[{"href":"https:\/\/heradsskjalasafn.is\/index.php?rest_route=\/wp\/v2\/pages\/39","targetHints":{"allow":["GET"]}}],"collection":[{"href":"https:\/\/heradsskjalasafn.is\/index.php?rest_route=\/wp\/v2\/pages"}],"about":[{"href":"https:\/\/heradsskjalasafn.is\/index.php?rest_route=\/wp\/v2\/types\/page"}],"author":[{"embeddable":true,"href":"https:\/\/heradsskjalasafn.is\/index.php?rest_route=\/wp\/v2\/users\/2"}],"replies":[{"embeddable":true,"href":"https:\/\/heradsskjalasafn.is\/index.php?rest_route=%2Fwp%2Fv2%2Fcomments&post=39"}],"version-history":[{"count":10,"href":"https:\/\/heradsskjalasafn.is\/index.php?rest_route=\/wp\/v2\/pages\/39\/revisions"}],"predecessor-version":[{"id":1291,"href":"https:\/\/heradsskjalasafn.is\/index.php?rest_route=\/wp\/v2\/pages\/39\/revisions\/1291"}],"wp:attachment":[{"href":"https:\/\/heradsskjalasafn.is\/index.php?rest_route=%2Fwp%2Fv2%2Fmedia&parent=39"}],"curies":[{"name":"wp","href":"https:\/\/api.w.org\/{rel}","templated":true}]}}