{"id":1023,"date":"2016-11-25T13:21:50","date_gmt":"2016-11-25T13:21:50","guid":{"rendered":"http:\/\/wp2.edge.is\/?page_id=1023"},"modified":"2016-11-29T09:51:38","modified_gmt":"2016-11-29T09:51:38","slug":"sagnfraedi-i-ameriku","status":"publish","type":"page","link":"https:\/\/heradsskjalasafn.is\/?page_id=1023","title":{"rendered":"Sagnfr\u00e6\u00f0i \u00ed Amer\u00edku"},"content":{"rendered":"<p>Kr\u00e6kjur til vefja f\u00e9lagasamtaka og annarra \u00ed Amer\u00edku sem hafa s\u00f6gu og sagnfr\u00e6\u00f0i a\u00f0 h\u00f6fu\u00f0vi\u00f0fangsefni.<\/p>\n<p><a href=\"http:\/\/www.cha-shc.ca\/english\/\" target=\"_blank\">Kanad\u00edska s\u00f6guf\u00e9lagi\u00f0 \u2013 Canadian Historical Association<\/a><\/p>\n<p><a href=\"http:\/\/www.historians.org\/\" target=\"_blank\">Bandar\u00edska s\u00f6guf\u00e9lagi\u00f0 \u2013 American Historical Association<\/a><\/p>\n<p><a href=\"http:\/\/aaslh.org\/\" target=\"_blank\">Bandar\u00edska r\u00edkja- og h\u00e9ra\u00f0ss\u00f6guf\u00e9lagi\u00f0 \u2013 American Association for State and Local History<\/a><\/p>\n<p><a href=\"http:\/\/www.rootsweb.ancestry.com\/~usalhn\/index.html\" target=\"_blank\">Bandar\u00edska h\u00e9ra\u00f0ss\u00f6guneti\u00f0 \u2013 American Local History Network<\/a><\/p>\n<p><a href=\"http:\/\/www.fgs.org\/\" target=\"_blank\">Bandalag \u00e6ttfr\u00e6\u00f0if\u00e9laga \u00ed Bandar\u00edkjunum \u2013 Federation of Genealogical Societies<\/a><\/p>\n","protected":false},"excerpt":{"rendered":"<p>Kr\u00e6kjur til vefja f\u00e9lagasamtaka og annarra \u00ed Amer\u00edku sem hafa s\u00f6gu og sagnfr\u00e6\u00f0i a\u00f0 h\u00f6fu\u00f0vi\u00f0fangsefni. Kanad\u00edska s\u00f6guf\u00e9lagi\u00f0 \u2013 Canadian Historical Association Bandar\u00edska s\u00f6guf\u00e9lagi\u00f0 \u2013 American Historical Association Bandar\u00edska r\u00edkja- og h\u00e9ra\u00f0ss\u00f6guf\u00e9lagi\u00f0 \u2013 American Association for State and Local History Bandar\u00edska<\/p>\n","protected":false},"author":2,"featured_media":0,"parent":0,"menu_order":0,"comment_status":"closed","ping_status":"closed","template":"","meta":{"footnotes":""},"class_list":["post-1023","page","type-page","status-publish","hentry"],"_links":{"self":[{"href":"https:\/\/heradsskjalasafn.is\/index.php?rest_route=\/wp\/v2\/pages\/1023","targetHints":{"allow":["GET"]}}],"collection":[{"href":"https:\/\/heradsskjalasafn.is\/index.php?rest_route=\/wp\/v2\/pages"}],"about":[{"href":"https:\/\/heradsskjalasafn.is\/index.php?rest_route=\/wp\/v2\/types\/page"}],"author":[{"embeddable":true,"href":"https:\/\/heradsskjalasafn.is\/index.php?rest_route=\/wp\/v2\/users\/2"}],"replies":[{"embeddable":true,"href":"https:\/\/heradsskjalasafn.is\/index.php?rest_route=%2Fwp%2Fv2%2Fcomments&post=1023"}],"version-history":[{"count":2,"href":"https:\/\/heradsskjalasafn.is\/index.php?rest_route=\/wp\/v2\/pages\/1023\/revisions"}],"predecessor-version":[{"id":1118,"href":"https:\/\/heradsskjalasafn.is\/index.php?rest_route=\/wp\/v2\/pages\/1023\/revisions\/1118"}],"wp:attachment":[{"href":"https:\/\/heradsskjalasafn.is\/index.php?rest_route=%2Fwp%2Fv2%2Fmedia&parent=1023"}],"curies":[{"name":"wp","href":"https:\/\/api.w.org\/{rel}","templated":true}]}}